{"id":5105,"date":"2024-01-23T11:17:14","date_gmt":"2024-01-23T11:17:14","guid":{"rendered":"https:\/\/maprorealestate.com\/lifestyle-test\/"},"modified":"2024-01-23T11:36:14","modified_gmt":"2024-01-23T11:36:14","slug":"estilo-de-vida","status":"publish","type":"page","link":"https:\/\/www.maprorealestate.com\/pt-pt\/estilo-de-vida\/","title":{"rendered":"Estilo de Vida"},"content":{"rendered":"\t\t<div data-elementor-type=\"wp-page\" data-elementor-id=\"5105\" class=\"elementor elementor-5105 elementor-5099\" data-elementor-post-type=\"page\">\n\t\t\t\t\t\t<section class=\"elementor-section elementor-top-section elementor-element elementor-element-7f18970 elementor-section-height-min-height elementor-section-stretched elementor-section-boxed elementor-section-height-default elementor-section-items-middle\" data-id=\"7f18970\" data-element_type=\"section\" data-settings=\"{&quot;stretch_section&quot;:&quot;section-stretched&quot;,&quot;background_background&quot;:&quot;classic&quot;}\">\n\t\t\t\t\t\t\t<div class=\"elementor-background-overlay\"><\/div>\n\t\t\t\t\t\t\t<div class=\"elementor-container elementor-column-gap-no\">\n\t\t\t\t\t<div class=\"elementor-column elementor-col-100 elementor-top-column elementor-element elementor-element-4c87659\" data-id=\"4c87659\" data-element_type=\"column\" data-settings=\"{&quot;background_background&quot;:&quot;classic&quot;}\">\n\t\t\t<div class=\"elementor-widget-wrap elementor-element-populated\">\n\t\t\t\t\t<div class=\"elementor-background-overlay\"><\/div>\n\t\t\t\t\t\t<div class=\"elementor-element elementor-element-7618828 elementor-widget-tablet__width-initial elementor-widget elementor-widget-heading\" data-id=\"7618828\" data-element_type=\"widget\" data-widget_type=\"heading.default\">\n\t\t\t\t<div class=\"elementor-widget-container\">\n\t\t\t\t\t<h1 class=\"elementor-heading-title elementor-size-default\">Estilo de Vida<\/h1>\t\t\t\t<\/div>\n\t\t\t\t<\/div>\n\t\t\t\t<div class=\"elementor-element elementor-element-19e77a4 elementor-widget elementor-widget-text-editor\" data-id=\"19e77a4\" data-element_type=\"widget\" data-widget_type=\"text-editor.default\">\n\t\t\t\t<div class=\"elementor-widget-container\">\n\t\t\t\t\t\t\t\t\t<p>Tri\u00e2ngulo Dourado, Algarve Central, Portugal<\/p>\n\t\t\t\t\t\t\t\t<\/div>\n\t\t\t\t<\/div>\n\t\t\t\t\t<\/div>\n\t\t<\/div>\n\t\t\t\t\t<\/div>\n\t\t<\/section>\n\t\t\t\t<section class=\"elementor-section elementor-top-section elementor-element elementor-element-06d6f25 elementor-section-boxed elementor-section-height-default elementor-section-height-default\" data-id=\"06d6f25\" data-element_type=\"section\" data-settings=\"{&quot;background_background&quot;:&quot;classic&quot;}\">\n\t\t\t\t\t\t<div class=\"elementor-container elementor-column-gap-no\">\n\t\t\t\t\t<div class=\"elementor-column elementor-col-100 elementor-top-column elementor-element elementor-element-7b3a1d9\" data-id=\"7b3a1d9\" data-element_type=\"column\">\n\t\t\t<div class=\"elementor-widget-wrap elementor-element-populated\">\n\t\t\t\t\t\t<section class=\"elementor-section elementor-inner-section elementor-element elementor-element-bfc9918 elementor-section-boxed elementor-section-height-default elementor-section-height-default\" data-id=\"bfc9918\" data-element_type=\"section\">\n\t\t\t\t\t\t<div class=\"elementor-container elementor-column-gap-default\">\n\t\t\t\t\t<div class=\"elementor-column elementor-col-100 elementor-inner-column elementor-element elementor-element-d34ac22\" data-id=\"d34ac22\" data-element_type=\"column\">\n\t\t\t<div class=\"elementor-widget-wrap elementor-element-populated\">\n\t\t\t\t\t\t<div class=\"elementor-element elementor-element-0ca926c elementor-widget elementor-widget-heading\" data-id=\"0ca926c\" data-element_type=\"widget\" data-widget_type=\"heading.default\">\n\t\t\t\t<div class=\"elementor-widget-container\">\n\t\t\t\t\t<h2 class=\"elementor-heading-title elementor-size-default\">Estilo de Vida<\/h2>\t\t\t\t<\/div>\n\t\t\t\t<\/div>\n\t\t\t\t<div class=\"elementor-element elementor-element-3aa947c elementor-widget-divider--view-line elementor-widget elementor-widget-divider\" data-id=\"3aa947c\" data-element_type=\"widget\" data-widget_type=\"divider.default\">\n\t\t\t\t<div class=\"elementor-widget-container\">\n\t\t\t\t\t\t\t<div class=\"elementor-divider\">\n\t\t\t<span class=\"elementor-divider-separator\">\n\t\t\t\t\t\t<\/span>\n\t\t<\/div>\n\t\t\t\t\t\t<\/div>\n\t\t\t\t<\/div>\n\t\t\t\t<div class=\"elementor-element elementor-element-26e3dc2 elementor-widget elementor-widget-text-editor\" data-id=\"26e3dc2\" data-element_type=\"widget\" data-widget_type=\"text-editor.default\">\n\t\t\t\t<div class=\"elementor-widget-container\">\n\t\t\t\t\t\t\t\t\t<p>Com 300 dias de sol por ano e uma maravilhosa paisagem natural, o Algarve \u00e9 considerado o para\u00edso dos Golfistas. De facto, em 2012, a revista \u201cToday\u2019s Golfer\u201d nomeou o Algarve como \u201cO melhor destino da Europa para Golfistas.\u201d E muitos dos campos de golfe mais respeitados em Portugal encontram-se, aqui mesmo, no Algarve Central.<\/p>\n<p>Fora do Algarve Central, existem in\u00fameras op\u00e7\u00f5es de campos de golfe. A Leste do Algarve, por exemplo, o campo de Seve Ballesteros no Rio Guadiana encontra-se na Quinta do Vale em Castro Marim com vistas magn\u00edficas de Espanha. A Oeste do Algarve, algumas das op\u00e7\u00f5es incluem campos de golf desenvolvidos por Nick Faldo e Christy O\u2019Connor no Resort da Amendoeira, tamb\u00e9m como campos fant\u00e1sticos em Penina, Lagos e Sagres.<\/p>\n\t\t\t\t\t\t\t\t<\/div>\n\t\t\t\t<\/div>\n\t\t\t\t\t<\/div>\n\t\t<\/div>\n\t\t\t\t\t<\/div>\n\t\t<\/section>\n\t\t\t\t\t<\/div>\n\t\t<\/div>\n\t\t\t\t\t<\/div>\n\t\t<\/section>\n\t\t<div class=\"elementor-element elementor-element-c88ae22 e-flex e-con-boxed e-con e-parent\" data-id=\"c88ae22\" data-element_type=\"container\" data-settings=\"{&quot;background_background&quot;:&quot;classic&quot;}\">\n\t\t\t\t\t<div class=\"e-con-inner\">\n\t\t<div class=\"elementor-element elementor-element-d1c3008 e-flex e-con-boxed e-con e-child\" data-id=\"d1c3008\" data-element_type=\"container\" data-settings=\"{&quot;background_background&quot;:&quot;classic&quot;}\">\n\t\t\t\t\t<div class=\"e-con-inner\">\n\t\t\t\t<div class=\"elementor-element elementor-element-c689d1b elementor-widget elementor-widget-shortcode\" data-id=\"c689d1b\" data-element_type=\"widget\" data-widget_type=\"shortcode.default\">\n\t\t\t\t<div class=\"elementor-widget-container\">\n\t\t\t\t\t\t\t<div class=\"elementor-shortcode\"><div class='dng-lifestyle--grid'><div class='dng-lifestyle--card'><div class='dng-lifestyle--card-img_cat'><img fetchpriority=\"high\" decoding=\"async\" width=\"1902\" height=\"1080\" src=\"https:\/\/www.maprorealestate.com\/wp-content\/uploads\/2023\/10\/f97a9c9e9122a5eee31557088765ccea.jpg\" class=\"attachment-full size-full\" alt=\"\" srcset=\"https:\/\/www.maprorealestate.com\/wp-content\/uploads\/2023\/10\/f97a9c9e9122a5eee31557088765ccea.jpg 1902w, https:\/\/www.maprorealestate.com\/wp-content\/uploads\/2023\/10\/f97a9c9e9122a5eee31557088765ccea-300x170.jpg 300w, https:\/\/www.maprorealestate.com\/wp-content\/uploads\/2023\/10\/f97a9c9e9122a5eee31557088765ccea-1024x581.jpg 1024w, https:\/\/www.maprorealestate.com\/wp-content\/uploads\/2023\/10\/f97a9c9e9122a5eee31557088765ccea-768x436.jpg 768w, https:\/\/www.maprorealestate.com\/wp-content\/uploads\/2023\/10\/f97a9c9e9122a5eee31557088765ccea-1536x872.jpg 1536w\" sizes=\"(max-width: 1902px) 100vw, 1902px\" \/><\/div><div class='dng-lifestyle--card-content'><div class='dng-lifestyle--card-content-inner'><h2 class='dng-lifestyle--card-title'>Golfe<\/h2><p class=\"dng-lifestyle--card-description\">Com os seus 300 dias de sol e a sua bela paisagem natural, o Algarve \u00e9 considerado um para\u00edso para os golfistas. De facto, o Algarve foi considerado o \"destino final de golfe\" pela Golf Monthly e Portugal ganhou o Pr\u00e9mio Mundial de Golfe em 2018, com muitos dos campos mais respeitados localizados aqui mesmo, no centro do Algarve.<\/p>        <div class=\"dng-elementor-button-wrapper\">\r\n            <a class=\"elementor-button elementor-button-link elementor-size-sm\" href=\"https:\/\/www.maprorealestate.com\/pt-pt\/estilo-de-vida\/golfe-algarve\/\">\r\n                <span class=\"elementor-button-content-wrapper\">\r\n                    <span class=\"elementor-button-text\">Ver Mais<\/span>\r\n                <\/span>\r\n            <\/a>\r\n        <\/div>\r\n<\/div><\/div><\/div><div class='dng-lifestyle--card'><div class='dng-lifestyle--card-img_cat'><img decoding=\"async\" width=\"1528\" height=\"1080\" src=\"https:\/\/www.maprorealestate.com\/wp-content\/uploads\/2023\/10\/6715b920981ab0274d32347bdaaf6754.jpg\" class=\"attachment-full size-full\" alt=\"\" srcset=\"https:\/\/www.maprorealestate.com\/wp-content\/uploads\/2023\/10\/6715b920981ab0274d32347bdaaf6754.jpg 1528w, https:\/\/www.maprorealestate.com\/wp-content\/uploads\/2023\/10\/6715b920981ab0274d32347bdaaf6754-300x212.jpg 300w, https:\/\/www.maprorealestate.com\/wp-content\/uploads\/2023\/10\/6715b920981ab0274d32347bdaaf6754-1024x724.jpg 1024w, https:\/\/www.maprorealestate.com\/wp-content\/uploads\/2023\/10\/6715b920981ab0274d32347bdaaf6754-768x543.jpg 768w\" sizes=\"(max-width: 1528px) 100vw, 1528px\" \/><\/div><div class='dng-lifestyle--card-content'><div class='dng-lifestyle--card-content-inner'><h2 class='dng-lifestyle--card-title'>Lazer<\/h2><p class=\"dng-lifestyle--card-description\">Depois de conhecer esta parte do mundo, ser\u00e1 dif\u00edcil partir. Independentemente de a sua visita ser permanente ou tempor\u00e1ria, n\u00e3o pode deixar de admirar as intermin\u00e1veis extens\u00f5es de praias douradas, o inestim\u00e1vel mar de Campos de Golfe verdes, a incr\u00edvel variedade de restaurantes, incluindo alguns com estrelas Michelin, e o sol sempre presente. Os benef\u00edcios do Tri\u00e2ngulo Dourado do Algarve e das \u00e1reas circundantes e, de facto, da regi\u00e3o como um todo, constituem um cen\u00e1rio atraente para a vida no sul.\r\n\r\nSendo um local com muitas camadas, muitas \u00f3bvias, mas igualmente muitas escondidas, o Tri\u00e2ngulo Dourado tem muito para nos mostrar, muitos segredos para revelar. Nesta sec\u00e7\u00e3o, apresentamos-lhe muitas dessas camadas ocultas, expondo as muitas facetas da regi\u00e3o e mostrando-lhe que, para al\u00e9m do sol, do surf e do golfe, h\u00e1 muitas formas de desfrutar de uma \"Vida Ic\u00f3nica\".<\/p>        <div class=\"dng-elementor-button-wrapper\">\r\n            <a class=\"elementor-button elementor-button-link elementor-size-sm\" href=\"https:\/\/www.maprorealestate.com\/pt-pt\/estilo-de-vida\/lazer\/\">\r\n                <span class=\"elementor-button-content-wrapper\">\r\n                    <span class=\"elementor-button-text\">Ver Mais<\/span>\r\n                <\/span>\r\n            <\/a>\r\n        <\/div>\r\n<\/div><\/div><\/div><div class='dng-lifestyle--card'><div class='dng-lifestyle--card-img_cat'><img decoding=\"async\" width=\"958\" height=\"639\" src=\"https:\/\/www.maprorealestate.com\/wp-content\/uploads\/2023\/10\/e8c87746919e19168b110f107d4c5761.jpg\" class=\"attachment-full size-full\" alt=\"\" srcset=\"https:\/\/www.maprorealestate.com\/wp-content\/uploads\/2023\/10\/e8c87746919e19168b110f107d4c5761.jpg 958w, https:\/\/www.maprorealestate.com\/wp-content\/uploads\/2023\/10\/e8c87746919e19168b110f107d4c5761-300x200.jpg 300w, https:\/\/www.maprorealestate.com\/wp-content\/uploads\/2023\/10\/e8c87746919e19168b110f107d4c5761-768x512.jpg 768w\" sizes=\"(max-width: 958px) 100vw, 958px\" \/><\/div><div class='dng-lifestyle--card-content'><div class='dng-lifestyle--card-content-inner'><h2 class='dng-lifestyle--card-title'>Mapas<\/h2><p class=\"dng-lifestyle--card-description\">Conhe\u00e7a os resorts locais da zona, descarregue os mapas abaixo. Por favor, note que a Quinta do Lago, Vale do Lobo e Quinta Verde adoptaram uma nova numera\u00e7\u00e3o de propriedades organizada por nome de estrada e a numera\u00e7\u00e3o existente ser\u00e1 lentamente eliminada. Os mapas abaixo est\u00e3o de acordo com a nova numera\u00e7\u00e3o.\r\n\r\nDeixe que a Mapro Real Estate | Knight Frank seja o seu mapa para um novo modo de vida! Se desejar uma c\u00f3pia impressa, teremos todo o gosto em receb\u00ea-lo nos nossos escrit\u00f3rios para um caf\u00e9.<\/p>        <div class=\"dng-elementor-button-wrapper\">\r\n            <a class=\"elementor-button elementor-button-link elementor-size-sm\" href=\"https:\/\/www.maprorealestate.com\/pt-pt\/estilo-de-vida\/mapas\/\">\r\n                <span class=\"elementor-button-content-wrapper\">\r\n                    <span class=\"elementor-button-text\">Ver Mais<\/span>\r\n                <\/span>\r\n            <\/a>\r\n        <\/div>\r\n<\/div><\/div><\/div><div class='dng-lifestyle--card'><div class='dng-lifestyle--card-img_cat'><img loading=\"lazy\" decoding=\"async\" width=\"1620\" height=\"1080\" src=\"https:\/\/www.maprorealestate.com\/wp-content\/uploads\/2023\/10\/8fedb876c63b3c5ccd3948eb3aa4a271_eHilnZx.jpg\" class=\"attachment-full size-full\" alt=\"\" srcset=\"https:\/\/www.maprorealestate.com\/wp-content\/uploads\/2023\/10\/8fedb876c63b3c5ccd3948eb3aa4a271_eHilnZx.jpg 1620w, https:\/\/www.maprorealestate.com\/wp-content\/uploads\/2023\/10\/8fedb876c63b3c5ccd3948eb3aa4a271_eHilnZx-300x200.jpg 300w, https:\/\/www.maprorealestate.com\/wp-content\/uploads\/2023\/10\/8fedb876c63b3c5ccd3948eb3aa4a271_eHilnZx-1024x683.jpg 1024w, https:\/\/www.maprorealestate.com\/wp-content\/uploads\/2023\/10\/8fedb876c63b3c5ccd3948eb3aa4a271_eHilnZx-768x512.jpg 768w, https:\/\/www.maprorealestate.com\/wp-content\/uploads\/2023\/10\/8fedb876c63b3c5ccd3948eb3aa4a271_eHilnZx-1536x1024.jpg 1536w\" sizes=\"(max-width: 1620px) 100vw, 1620px\" \/><\/div><div class='dng-lifestyle--card-content'><div class='dng-lifestyle--card-content-inner'><h2 class='dng-lifestyle--card-title'>Resorts<\/h2><p class=\"dng-lifestyle--card-description\">A regi\u00e3o do Algarve \u00e9 maioritariamente conhecida como o Tri\u00e2ngulo Dourado, que inclui as conhecidas zonas da Quinta do Lago, Vale do Lobo e Almancil, formando um tri\u00e2ngulo aparentemente perfeito. Aproveite ao m\u00e1ximo o estilo de vida de qualidade que o Algarve e o resto da regi\u00e3o t\u00eam para oferecer, como Spa, Golfe e passeios de barco.\r\n\r\nO centro do Algarve \u00e9 composto por resorts de golfe e de praia de luxo, muito bem conservados, que oferecem instala\u00e7\u00f5es de alta qualidade e muitas atrac\u00e7\u00f5es tur\u00edsticas, tornando-o um local de elei\u00e7\u00e3o extremamente apelativo para f\u00e9rias em fam\u00edlia, em particular. Muitos s\u00e3o os que t\u00eam a sorte de adquirir uma propriedade no Tri\u00e2ngulo Dourado e de chamar a este local a sua casa.<\/p>        <div class=\"dng-elementor-button-wrapper\">\r\n            <a class=\"elementor-button elementor-button-link elementor-size-sm\" href=\"https:\/\/www.maprorealestate.com\/pt-pt\/estilo-de-vida\/resorts-algarve\/\">\r\n                <span class=\"elementor-button-content-wrapper\">\r\n                    <span class=\"elementor-button-text\">Ver Mais<\/span>\r\n                <\/span>\r\n            <\/a>\r\n        <\/div>\r\n<\/div><\/div><\/div><\/div><\/div>\n\t\t\t\t\t\t<\/div>\n\t\t\t\t<\/div>\n\t\t\t\t\t<\/div>\n\t\t\t\t<\/div>\n\t\t\t\t\t<\/div>\n\t\t\t\t<\/div>\n\t\t\t\t<\/div>\n\t\t","protected":false},"excerpt":{"rendered":"<p>Estilo de Vida Tri\u00e2ngulo Dourado, Algarve Central, Portugal Estilo de Vida Com 300 dias de sol por ano e uma maravilhosa paisagem natural, o Algarve \u00e9 considerado o para\u00edso dos Golfistas. De facto, em 2012, a revista \u201cToday\u2019s Golfer\u201d nomeou o Algarve como \u201cO melhor destino da Europa para Golfistas.\u201d E muitos dos campos de [&hellip;]<\/p>\n","protected":false},"author":3,"featured_media":0,"parent":0,"menu_order":0,"comment_status":"closed","ping_status":"closed","template":"elementor_header_footer","meta":{"_acf_changed":false,"footnotes":""},"class_list":["post-5105","page","type-page","status-publish","hentry"],"acf":[],"yoast_head":"<!-- This site is optimized with the Yoast SEO Premium plugin v24.9 (Yoast SEO v26.8) - https:\/\/yoast.com\/product\/yoast-seo-premium-wordpress\/ -->\n<title>Estilo de Vida - Mapro Real Estate<\/title>\n<meta name=\"robots\" content=\"index, follow, max-snippet:-1, max-image-preview:large, max-video-preview:-1\" \/>\n<link rel=\"canonical\" href=\"https:\/\/www.maprorealestate.com\/pt-pt\/estilo-de-vida\/\" \/>\n<meta property=\"og:locale\" content=\"pt_PT\" \/>\n<meta property=\"og:type\" content=\"article\" \/>\n<meta property=\"og:title\" content=\"Estilo de Vida\" \/>\n<meta property=\"og:description\" content=\"Estilo de Vida Tri\u00e2ngulo Dourado, Algarve Central, Portugal Estilo de Vida Com 300 dias de sol por ano e uma maravilhosa paisagem natural, o Algarve \u00e9 considerado o para\u00edso dos Golfistas. De facto, em 2012, a revista \u201cToday\u2019s Golfer\u201d nomeou o Algarve como \u201cO melhor destino da Europa para Golfistas.\u201d E muitos dos campos de [&hellip;]\" \/>\n<meta property=\"og:url\" content=\"https:\/\/www.maprorealestate.com\/pt-pt\/estilo-de-vida\/\" \/>\n<meta property=\"og:site_name\" content=\"Mapro Real Estate\" \/>\n<meta property=\"article:modified_time\" content=\"2024-01-23T11:36:14+00:00\" \/>\n<meta property=\"og:image\" content=\"https:\/\/www.maprorealestate.com\/wp-content\/uploads\/2025\/01\/mapro_home_hero_2.webp\" \/>\n\t<meta property=\"og:image:width\" content=\"1920\" \/>\n\t<meta property=\"og:image:height\" content=\"1280\" \/>\n\t<meta property=\"og:image:type\" content=\"image\/webp\" \/>\n<meta name=\"twitter:card\" content=\"summary_large_image\" \/>\n<meta name=\"twitter:label1\" content=\"Tempo estimado de leitura\" \/>\n\t<meta name=\"twitter:data1\" content=\"1 minuto\" \/>\n<script type=\"application\/ld+json\" class=\"yoast-schema-graph\">{\"@context\":\"https:\/\/schema.org\",\"@graph\":[{\"@type\":\"WebPage\",\"@id\":\"https:\/\/www.maprorealestate.com\/pt-pt\/estilo-de-vida\/\",\"url\":\"https:\/\/www.maprorealestate.com\/pt-pt\/estilo-de-vida\/\",\"name\":\"Estilo de Vida - Mapro Real Estate\",\"isPartOf\":{\"@id\":\"https:\/\/www.maprorealestate.com\/pt-pt\/#website\"},\"datePublished\":\"2024-01-23T11:17:14+00:00\",\"dateModified\":\"2024-01-23T11:36:14+00:00\",\"breadcrumb\":{\"@id\":\"https:\/\/www.maprorealestate.com\/pt-pt\/estilo-de-vida\/#breadcrumb\"},\"inLanguage\":\"pt-PT\",\"potentialAction\":[{\"@type\":\"ReadAction\",\"target\":[\"https:\/\/www.maprorealestate.com\/pt-pt\/estilo-de-vida\/\"]}]},{\"@type\":\"BreadcrumbList\",\"@id\":\"https:\/\/www.maprorealestate.com\/pt-pt\/estilo-de-vida\/#breadcrumb\",\"itemListElement\":[{\"@type\":\"ListItem\",\"position\":1,\"name\":\"Home\",\"item\":\"https:\/\/www.maprorealestate.com\/pt-pt\/\"},{\"@type\":\"ListItem\",\"position\":2,\"name\":\"Estilo de Vida\"}]},{\"@type\":\"WebSite\",\"@id\":\"https:\/\/www.maprorealestate.com\/pt-pt\/#website\",\"url\":\"https:\/\/www.maprorealestate.com\/pt-pt\/\",\"name\":\"Mapro Real Estate & Knight Frank\",\"description\":\"The Right Move... with the Right Partner\",\"publisher\":{\"@id\":\"https:\/\/www.maprorealestate.com\/pt-pt\/#organization\"},\"alternateName\":\"Mapro Real Estate\",\"potentialAction\":[{\"@type\":\"SearchAction\",\"target\":{\"@type\":\"EntryPoint\",\"urlTemplate\":\"https:\/\/www.maprorealestate.com\/pt-pt\/?s={search_term_string}\"},\"query-input\":{\"@type\":\"PropertyValueSpecification\",\"valueRequired\":true,\"valueName\":\"search_term_string\"}}],\"inLanguage\":\"pt-PT\"},{\"@type\":\"Organization\",\"@id\":\"https:\/\/www.maprorealestate.com\/pt-pt\/#organization\",\"name\":\"Mapro Real Estate & Knight Frank\",\"url\":\"https:\/\/www.maprorealestate.com\/pt-pt\/\",\"logo\":{\"@type\":\"ImageObject\",\"inLanguage\":\"pt-PT\",\"@id\":\"https:\/\/www.maprorealestate.com\/pt-pt\/#\/schema\/logo\/image\/\",\"url\":\"https:\/\/www.maprorealestate.com\/wp-content\/uploads\/2023\/10\/mapro-logo-color.svg\",\"contentUrl\":\"https:\/\/www.maprorealestate.com\/wp-content\/uploads\/2023\/10\/mapro-logo-color.svg\",\"width\":1,\"height\":1,\"caption\":\"Mapro Real Estate & Knight Frank\"},\"image\":{\"@id\":\"https:\/\/www.maprorealestate.com\/pt-pt\/#\/schema\/logo\/image\/\"}}]}<\/script>\n<!-- \/ Yoast SEO Premium plugin. -->","yoast_head_json":{"title":"Estilo de Vida - Mapro Real Estate","robots":{"index":"index","follow":"follow","max-snippet":"max-snippet:-1","max-image-preview":"max-image-preview:large","max-video-preview":"max-video-preview:-1"},"canonical":"https:\/\/www.maprorealestate.com\/pt-pt\/estilo-de-vida\/","og_locale":"pt_PT","og_type":"article","og_title":"Estilo de Vida","og_description":"Estilo de Vida Tri\u00e2ngulo Dourado, Algarve Central, Portugal Estilo de Vida Com 300 dias de sol por ano e uma maravilhosa paisagem natural, o Algarve \u00e9 considerado o para\u00edso dos Golfistas. De facto, em 2012, a revista \u201cToday\u2019s Golfer\u201d nomeou o Algarve como \u201cO melhor destino da Europa para Golfistas.\u201d E muitos dos campos de [&hellip;]","og_url":"https:\/\/www.maprorealestate.com\/pt-pt\/estilo-de-vida\/","og_site_name":"Mapro Real Estate","article_modified_time":"2024-01-23T11:36:14+00:00","og_image":[{"width":1920,"height":1280,"url":"https:\/\/www.maprorealestate.com\/wp-content\/uploads\/2025\/01\/mapro_home_hero_2.webp","type":"image\/webp"}],"twitter_card":"summary_large_image","twitter_misc":{"Tempo estimado de leitura":"1 minuto"},"schema":{"@context":"https:\/\/schema.org","@graph":[{"@type":"WebPage","@id":"https:\/\/www.maprorealestate.com\/pt-pt\/estilo-de-vida\/","url":"https:\/\/www.maprorealestate.com\/pt-pt\/estilo-de-vida\/","name":"Estilo de Vida - Mapro Real Estate","isPartOf":{"@id":"https:\/\/www.maprorealestate.com\/pt-pt\/#website"},"datePublished":"2024-01-23T11:17:14+00:00","dateModified":"2024-01-23T11:36:14+00:00","breadcrumb":{"@id":"https:\/\/www.maprorealestate.com\/pt-pt\/estilo-de-vida\/#breadcrumb"},"inLanguage":"pt-PT","potentialAction":[{"@type":"ReadAction","target":["https:\/\/www.maprorealestate.com\/pt-pt\/estilo-de-vida\/"]}]},{"@type":"BreadcrumbList","@id":"https:\/\/www.maprorealestate.com\/pt-pt\/estilo-de-vida\/#breadcrumb","itemListElement":[{"@type":"ListItem","position":1,"name":"Home","item":"https:\/\/www.maprorealestate.com\/pt-pt\/"},{"@type":"ListItem","position":2,"name":"Estilo de Vida"}]},{"@type":"WebSite","@id":"https:\/\/www.maprorealestate.com\/pt-pt\/#website","url":"https:\/\/www.maprorealestate.com\/pt-pt\/","name":"Mapro Real Estate & Knight Frank","description":"The Right Move... with the Right Partner","publisher":{"@id":"https:\/\/www.maprorealestate.com\/pt-pt\/#organization"},"alternateName":"Mapro Real Estate","potentialAction":[{"@type":"SearchAction","target":{"@type":"EntryPoint","urlTemplate":"https:\/\/www.maprorealestate.com\/pt-pt\/?s={search_term_string}"},"query-input":{"@type":"PropertyValueSpecification","valueRequired":true,"valueName":"search_term_string"}}],"inLanguage":"pt-PT"},{"@type":"Organization","@id":"https:\/\/www.maprorealestate.com\/pt-pt\/#organization","name":"Mapro Real Estate & Knight Frank","url":"https:\/\/www.maprorealestate.com\/pt-pt\/","logo":{"@type":"ImageObject","inLanguage":"pt-PT","@id":"https:\/\/www.maprorealestate.com\/pt-pt\/#\/schema\/logo\/image\/","url":"https:\/\/www.maprorealestate.com\/wp-content\/uploads\/2023\/10\/mapro-logo-color.svg","contentUrl":"https:\/\/www.maprorealestate.com\/wp-content\/uploads\/2023\/10\/mapro-logo-color.svg","width":1,"height":1,"caption":"Mapro Real Estate & Knight Frank"},"image":{"@id":"https:\/\/www.maprorealestate.com\/pt-pt\/#\/schema\/logo\/image\/"}}]}},"_links":{"self":[{"href":"https:\/\/www.maprorealestate.com\/pt-pt\/wp-json\/wp\/v2\/pages\/5105","targetHints":{"allow":["GET"]}}],"collection":[{"href":"https:\/\/www.maprorealestate.com\/pt-pt\/wp-json\/wp\/v2\/pages"}],"about":[{"href":"https:\/\/www.maprorealestate.com\/pt-pt\/wp-json\/wp\/v2\/types\/page"}],"author":[{"embeddable":true,"href":"https:\/\/www.maprorealestate.com\/pt-pt\/wp-json\/wp\/v2\/users\/3"}],"replies":[{"embeddable":true,"href":"https:\/\/www.maprorealestate.com\/pt-pt\/wp-json\/wp\/v2\/comments?post=5105"}],"version-history":[{"count":0,"href":"https:\/\/www.maprorealestate.com\/pt-pt\/wp-json\/wp\/v2\/pages\/5105\/revisions"}],"wp:attachment":[{"href":"https:\/\/www.maprorealestate.com\/pt-pt\/wp-json\/wp\/v2\/media?parent=5105"}],"curies":[{"name":"wp","href":"https:\/\/api.w.org\/{rel}","templated":true}]}}