{"id":4546,"date":"2023-11-02T13:53:38","date_gmt":"2023-11-02T13:53:38","guid":{"rendered":"https:\/\/maprorealestate.com\/corporate-ownership\/"},"modified":"2024-01-16T13:20:20","modified_gmt":"2024-01-16T13:20:20","slug":"propriedade-corporativa","status":"publish","type":"page","link":"https:\/\/www.maprorealestate.com\/pt-pt\/processo-compra-e-venda\/comprar-propriedades-portugal\/propriedade-corporativa\/","title":{"rendered":"Propriedade Empresarial"},"content":{"rendered":"","protected":false},"excerpt":{"rendered":"","protected":false},"author":0,"featured_media":3848,"parent":4550,"menu_order":0,"comment_status":"closed","ping_status":"closed","template":"","meta":{"_acf_changed":false,"footnotes":""},"class_list":["post-4546","page","type-page","status-publish","has-post-thumbnail","hentry"],"acf":[],"yoast_head":"<!-- This site is optimized with the Yoast SEO Premium plugin v24.9 (Yoast SEO v26.8) - https:\/\/yoast.com\/product\/yoast-seo-premium-wordpress\/ -->\n<title>Compra e Venda de Neg\u00f3cios | Mapro Real Estate &amp; Knight Frank<\/title>\n<meta name=\"description\" content=\"Pe\u00e7a a nossa ajuda para concluir as transa\u00e7\u00f5es dos processos de compra e venda de propriedades corporativas - Mapro Real Estate &amp; Knight Frank\" \/>\n<meta name=\"robots\" content=\"index, follow, max-snippet:-1, max-image-preview:large, max-video-preview:-1\" \/>\n<link rel=\"canonical\" href=\"https:\/\/www.maprorealestate.com\/pt-pt\/processo-compra-e-venda\/comprar-propriedades-portugal\/propriedade-corporativa\/\" \/>\n<meta property=\"og:locale\" content=\"pt_PT\" \/>\n<meta property=\"og:type\" content=\"article\" \/>\n<meta property=\"og:title\" content=\"Propriedade Empresarial\" \/>\n<meta property=\"og:description\" content=\"Pe\u00e7a a nossa ajuda para concluir as transa\u00e7\u00f5es dos processos de compra e venda de propriedades corporativas - Mapro Real Estate &amp; Knight Frank\" \/>\n<meta property=\"og:url\" content=\"https:\/\/www.maprorealestate.com\/pt-pt\/processo-compra-e-venda\/comprar-propriedades-portugal\/propriedade-corporativa\/\" \/>\n<meta property=\"og:site_name\" content=\"Mapro Real Estate\" \/>\n<meta property=\"article:modified_time\" content=\"2024-01-16T13:20:20+00:00\" \/>\n<meta property=\"og:image\" content=\"https:\/\/maprorealestate.com\/wp-content\/uploads\/2023\/11\/0a40cbb402c2cbaedfbb6adb298c5a81_thumbnail.jpg\" \/>\n\t<meta property=\"og:image:width\" content=\"380\" \/>\n\t<meta property=\"og:image:height\" content=\"264\" \/>\n\t<meta property=\"og:image:type\" content=\"image\/jpeg\" \/>\n<meta name=\"twitter:card\" content=\"summary_large_image\" \/>\n<script type=\"application\/ld+json\" class=\"yoast-schema-graph\">{\"@context\":\"https:\/\/schema.org\",\"@graph\":[{\"@type\":\"WebPage\",\"@id\":\"https:\/\/www.maprorealestate.com\/pt-pt\/processo-compra-e-venda\/comprar-propriedades-portugal\/propriedade-corporativa\/\",\"url\":\"https:\/\/www.maprorealestate.com\/pt-pt\/processo-compra-e-venda\/comprar-propriedades-portugal\/propriedade-corporativa\/\",\"name\":\"Compra e Venda de Neg\u00f3cios | Mapro Real Estate & Knight Frank\",\"isPartOf\":{\"@id\":\"https:\/\/www.maprorealestate.com\/pt-pt\/#website\"},\"primaryImageOfPage\":{\"@id\":\"https:\/\/www.maprorealestate.com\/pt-pt\/processo-compra-e-venda\/comprar-propriedades-portugal\/propriedade-corporativa\/#primaryimage\"},\"image\":{\"@id\":\"https:\/\/www.maprorealestate.com\/pt-pt\/processo-compra-e-venda\/comprar-propriedades-portugal\/propriedade-corporativa\/#primaryimage\"},\"thumbnailUrl\":\"https:\/\/www.maprorealestate.com\/wp-content\/uploads\/2023\/11\/0a40cbb402c2cbaedfbb6adb298c5a81_thumbnail.jpg\",\"datePublished\":\"2023-11-02T13:53:38+00:00\",\"dateModified\":\"2024-01-16T13:20:20+00:00\",\"description\":\"Pe\u00e7a a nossa ajuda para concluir as transa\u00e7\u00f5es dos processos de compra e venda de propriedades corporativas - Mapro Real Estate & Knight Frank\",\"breadcrumb\":{\"@id\":\"https:\/\/www.maprorealestate.com\/pt-pt\/processo-compra-e-venda\/comprar-propriedades-portugal\/propriedade-corporativa\/#breadcrumb\"},\"inLanguage\":\"pt-PT\",\"potentialAction\":[{\"@type\":\"ReadAction\",\"target\":[\"https:\/\/www.maprorealestate.com\/pt-pt\/processo-compra-e-venda\/comprar-propriedades-portugal\/propriedade-corporativa\/\"]}]},{\"@type\":\"ImageObject\",\"inLanguage\":\"pt-PT\",\"@id\":\"https:\/\/www.maprorealestate.com\/pt-pt\/processo-compra-e-venda\/comprar-propriedades-portugal\/propriedade-corporativa\/#primaryimage\",\"url\":\"https:\/\/www.maprorealestate.com\/wp-content\/uploads\/2023\/11\/0a40cbb402c2cbaedfbb6adb298c5a81_thumbnail.jpg\",\"contentUrl\":\"https:\/\/www.maprorealestate.com\/wp-content\/uploads\/2023\/11\/0a40cbb402c2cbaedfbb6adb298c5a81_thumbnail.jpg\",\"width\":380,\"height\":264},{\"@type\":\"BreadcrumbList\",\"@id\":\"https:\/\/www.maprorealestate.com\/pt-pt\/processo-compra-e-venda\/comprar-propriedades-portugal\/propriedade-corporativa\/#breadcrumb\",\"itemListElement\":[{\"@type\":\"ListItem\",\"position\":1,\"name\":\"Home\",\"item\":\"https:\/\/www.maprorealestate.com\/pt-pt\/\"},{\"@type\":\"ListItem\",\"position\":2,\"name\":\"Processo de Compra &#038; Venda\",\"item\":\"https:\/\/www.maprorealestate.com\/pt-pt\/processo-compra-e-venda\/\"},{\"@type\":\"ListItem\",\"position\":3,\"name\":\"Processo de Compra e Venda em Portugal\",\"item\":\"https:\/\/www.maprorealestate.com\/pt-pt\/processo-compra-e-venda\/comprar-propriedades-portugal\/\"},{\"@type\":\"ListItem\",\"position\":4,\"name\":\"Propriedade Empresarial\"}]},{\"@type\":\"WebSite\",\"@id\":\"https:\/\/www.maprorealestate.com\/pt-pt\/#website\",\"url\":\"https:\/\/www.maprorealestate.com\/pt-pt\/\",\"name\":\"Mapro Real Estate & Knight Frank\",\"description\":\"The Right Move... with the Right Partner\",\"publisher\":{\"@id\":\"https:\/\/www.maprorealestate.com\/pt-pt\/#organization\"},\"alternateName\":\"Mapro Real Estate\",\"potentialAction\":[{\"@type\":\"SearchAction\",\"target\":{\"@type\":\"EntryPoint\",\"urlTemplate\":\"https:\/\/www.maprorealestate.com\/pt-pt\/?s={search_term_string}\"},\"query-input\":{\"@type\":\"PropertyValueSpecification\",\"valueRequired\":true,\"valueName\":\"search_term_string\"}}],\"inLanguage\":\"pt-PT\"},{\"@type\":\"Organization\",\"@id\":\"https:\/\/www.maprorealestate.com\/pt-pt\/#organization\",\"name\":\"Mapro Real Estate & Knight Frank\",\"url\":\"https:\/\/www.maprorealestate.com\/pt-pt\/\",\"logo\":{\"@type\":\"ImageObject\",\"inLanguage\":\"pt-PT\",\"@id\":\"https:\/\/www.maprorealestate.com\/pt-pt\/#\/schema\/logo\/image\/\",\"url\":\"https:\/\/www.maprorealestate.com\/wp-content\/uploads\/2023\/10\/mapro-logo-color.svg\",\"contentUrl\":\"https:\/\/www.maprorealestate.com\/wp-content\/uploads\/2023\/10\/mapro-logo-color.svg\",\"width\":1,\"height\":1,\"caption\":\"Mapro Real Estate & Knight Frank\"},\"image\":{\"@id\":\"https:\/\/www.maprorealestate.com\/pt-pt\/#\/schema\/logo\/image\/\"}}]}<\/script>\n<!-- \/ Yoast SEO Premium plugin. -->","yoast_head_json":{"title":"Compra e Venda de Neg\u00f3cios | Mapro Real Estate & Knight Frank","description":"Pe\u00e7a a nossa ajuda para concluir as transa\u00e7\u00f5es dos processos de compra e venda de propriedades corporativas - Mapro Real Estate & Knight Frank","robots":{"index":"index","follow":"follow","max-snippet":"max-snippet:-1","max-image-preview":"max-image-preview:large","max-video-preview":"max-video-preview:-1"},"canonical":"https:\/\/www.maprorealestate.com\/pt-pt\/processo-compra-e-venda\/comprar-propriedades-portugal\/propriedade-corporativa\/","og_locale":"pt_PT","og_type":"article","og_title":"Propriedade Empresarial","og_description":"Pe\u00e7a a nossa ajuda para concluir as transa\u00e7\u00f5es dos processos de compra e venda de propriedades corporativas - Mapro Real Estate & Knight Frank","og_url":"https:\/\/www.maprorealestate.com\/pt-pt\/processo-compra-e-venda\/comprar-propriedades-portugal\/propriedade-corporativa\/","og_site_name":"Mapro Real Estate","article_modified_time":"2024-01-16T13:20:20+00:00","og_image":[{"width":380,"height":264,"url":"https:\/\/maprorealestate.com\/wp-content\/uploads\/2023\/11\/0a40cbb402c2cbaedfbb6adb298c5a81_thumbnail.jpg","type":"image\/jpeg"}],"twitter_card":"summary_large_image","schema":{"@context":"https:\/\/schema.org","@graph":[{"@type":"WebPage","@id":"https:\/\/www.maprorealestate.com\/pt-pt\/processo-compra-e-venda\/comprar-propriedades-portugal\/propriedade-corporativa\/","url":"https:\/\/www.maprorealestate.com\/pt-pt\/processo-compra-e-venda\/comprar-propriedades-portugal\/propriedade-corporativa\/","name":"Compra e Venda de Neg\u00f3cios | Mapro Real Estate & Knight Frank","isPartOf":{"@id":"https:\/\/www.maprorealestate.com\/pt-pt\/#website"},"primaryImageOfPage":{"@id":"https:\/\/www.maprorealestate.com\/pt-pt\/processo-compra-e-venda\/comprar-propriedades-portugal\/propriedade-corporativa\/#primaryimage"},"image":{"@id":"https:\/\/www.maprorealestate.com\/pt-pt\/processo-compra-e-venda\/comprar-propriedades-portugal\/propriedade-corporativa\/#primaryimage"},"thumbnailUrl":"https:\/\/www.maprorealestate.com\/wp-content\/uploads\/2023\/11\/0a40cbb402c2cbaedfbb6adb298c5a81_thumbnail.jpg","datePublished":"2023-11-02T13:53:38+00:00","dateModified":"2024-01-16T13:20:20+00:00","description":"Pe\u00e7a a nossa ajuda para concluir as transa\u00e7\u00f5es dos processos de compra e venda de propriedades corporativas - Mapro Real Estate & Knight Frank","breadcrumb":{"@id":"https:\/\/www.maprorealestate.com\/pt-pt\/processo-compra-e-venda\/comprar-propriedades-portugal\/propriedade-corporativa\/#breadcrumb"},"inLanguage":"pt-PT","potentialAction":[{"@type":"ReadAction","target":["https:\/\/www.maprorealestate.com\/pt-pt\/processo-compra-e-venda\/comprar-propriedades-portugal\/propriedade-corporativa\/"]}]},{"@type":"ImageObject","inLanguage":"pt-PT","@id":"https:\/\/www.maprorealestate.com\/pt-pt\/processo-compra-e-venda\/comprar-propriedades-portugal\/propriedade-corporativa\/#primaryimage","url":"https:\/\/www.maprorealestate.com\/wp-content\/uploads\/2023\/11\/0a40cbb402c2cbaedfbb6adb298c5a81_thumbnail.jpg","contentUrl":"https:\/\/www.maprorealestate.com\/wp-content\/uploads\/2023\/11\/0a40cbb402c2cbaedfbb6adb298c5a81_thumbnail.jpg","width":380,"height":264},{"@type":"BreadcrumbList","@id":"https:\/\/www.maprorealestate.com\/pt-pt\/processo-compra-e-venda\/comprar-propriedades-portugal\/propriedade-corporativa\/#breadcrumb","itemListElement":[{"@type":"ListItem","position":1,"name":"Home","item":"https:\/\/www.maprorealestate.com\/pt-pt\/"},{"@type":"ListItem","position":2,"name":"Processo de Compra &#038; Venda","item":"https:\/\/www.maprorealestate.com\/pt-pt\/processo-compra-e-venda\/"},{"@type":"ListItem","position":3,"name":"Processo de Compra e Venda em Portugal","item":"https:\/\/www.maprorealestate.com\/pt-pt\/processo-compra-e-venda\/comprar-propriedades-portugal\/"},{"@type":"ListItem","position":4,"name":"Propriedade Empresarial"}]},{"@type":"WebSite","@id":"https:\/\/www.maprorealestate.com\/pt-pt\/#website","url":"https:\/\/www.maprorealestate.com\/pt-pt\/","name":"Mapro Real Estate & Knight Frank","description":"The Right Move... with the Right Partner","publisher":{"@id":"https:\/\/www.maprorealestate.com\/pt-pt\/#organization"},"alternateName":"Mapro Real Estate","potentialAction":[{"@type":"SearchAction","target":{"@type":"EntryPoint","urlTemplate":"https:\/\/www.maprorealestate.com\/pt-pt\/?s={search_term_string}"},"query-input":{"@type":"PropertyValueSpecification","valueRequired":true,"valueName":"search_term_string"}}],"inLanguage":"pt-PT"},{"@type":"Organization","@id":"https:\/\/www.maprorealestate.com\/pt-pt\/#organization","name":"Mapro Real Estate & Knight Frank","url":"https:\/\/www.maprorealestate.com\/pt-pt\/","logo":{"@type":"ImageObject","inLanguage":"pt-PT","@id":"https:\/\/www.maprorealestate.com\/pt-pt\/#\/schema\/logo\/image\/","url":"https:\/\/www.maprorealestate.com\/wp-content\/uploads\/2023\/10\/mapro-logo-color.svg","contentUrl":"https:\/\/www.maprorealestate.com\/wp-content\/uploads\/2023\/10\/mapro-logo-color.svg","width":1,"height":1,"caption":"Mapro Real Estate & Knight Frank"},"image":{"@id":"https:\/\/www.maprorealestate.com\/pt-pt\/#\/schema\/logo\/image\/"}}]}},"_links":{"self":[{"href":"https:\/\/www.maprorealestate.com\/pt-pt\/wp-json\/wp\/v2\/pages\/4546","targetHints":{"allow":["GET"]}}],"collection":[{"href":"https:\/\/www.maprorealestate.com\/pt-pt\/wp-json\/wp\/v2\/pages"}],"about":[{"href":"https:\/\/www.maprorealestate.com\/pt-pt\/wp-json\/wp\/v2\/types\/page"}],"replies":[{"embeddable":true,"href":"https:\/\/www.maprorealestate.com\/pt-pt\/wp-json\/wp\/v2\/comments?post=4546"}],"version-history":[{"count":0,"href":"https:\/\/www.maprorealestate.com\/pt-pt\/wp-json\/wp\/v2\/pages\/4546\/revisions"}],"up":[{"embeddable":true,"href":"https:\/\/www.maprorealestate.com\/pt-pt\/wp-json\/wp\/v2\/pages\/4550"}],"wp:featuredmedia":[{"embeddable":true,"href":"https:\/\/www.maprorealestate.com\/pt-pt\/wp-json\/wp\/v2\/media\/3848"}],"wp:attachment":[{"href":"https:\/\/www.maprorealestate.com\/pt-pt\/wp-json\/wp\/v2\/media?parent=4546"}],"curies":[{"name":"wp","href":"https:\/\/api.w.org\/{rel}","templated":true}]}}